{"id":6303,"date":"2025-07-31T16:37:31","date_gmt":"2025-07-31T14:37:31","guid":{"rendered":"https:\/\/aplusa.local\/?page_id=6303"},"modified":"2026-03-23T17:04:18","modified_gmt":"2026-03-23T16:04:18","slug":"privacy-policy-for-respondents","status":"publish","type":"page","link":"https:\/\/www.aplusaresearch.com\/fr\/privacy-policy-for-respondents\/","title":{"rendered":"Politique de confidentialit\u00e9 pour les r\u00e9pondants"},"content":{"rendered":"<h2 class=\"wp-block-heading\">Engagements du groupe {acf_brand_name} en mati\u00e8re de protection des donn\u00e9es personnelles \u00e0 travers ses enqu\u00eates<\/h2>\n\n\n\n<p>{acf_brand_name} respecte la vie priv\u00e9e des personnes interrog\u00e9es dans le cadre de ses \u00e9tudes. <strong>La pr\u00e9sente politique de confidentialit\u00e9 (ci-apr\u00e8s la \u00ab Politique de confidentialit\u00e9 \u00bb) explique la mani\u00e8re dont nous collectons, utilisons, divulguons et prot\u00e9geons les donn\u00e9es \u00e0 caract\u00e8re personnel (ci-apr\u00e8s les \u00ab Donn\u00e9es personnelles \u00bb) recueillies dans le cadre de nos enqu\u00eates.<\/strong><\/p>\n\n\n\n<p>La pr\u00e9sente Politique de confidentialit\u00e9 ne s\u2019applique ni \u00e0 la collecte ni \u00e0 l\u2019utilisation des Donn\u00e9es personnelles des visiteurs de nos sites Internet. Si vous souhaitez avoir plus d\u2019informations quant \u00e0 ce cadre d\u2019utilisation de vos Donn\u00e9es personnelles, veuillez vous reporter \u00e0 <a href=\"\/fr\/privacy-policy\/\" data-type=\"page\" data-id=\"3\">notre politique de confidentialit\u00e9 sp\u00e9cifique<\/a>.<\/p>\n\n\n\n<h2 class=\"wp-block-heading\">1. Lic\u00e9it\u00e9 du traitement des donn\u00e9es personnelles dans le cadre des \u00e9tudes et enqu\u00eates de march\u00e9 de {acf_brand_name}, et consentement<\/h2>\n\n\n\n<p>Conform\u00e9ment \u00e0 l&#039;article 6 du R\u00e8glement g\u00e9n\u00e9ral sur la protection des donn\u00e9es (RGPD), {acf_brand_name} ne collecte de donn\u00e9es personnelles que si elle obtient le consentement libre, sp\u00e9cifique et \u00e9clair\u00e9 de la personne contact\u00e9e pour r\u00e9pondre \u00e0 l&#039;\u00e9tude de march\u00e9 ou au sondage, apr\u00e8s lui avoir expliqu\u00e9 de mani\u00e8re claire, pr\u00e9cise et concise la finalit\u00e9 de la collecte de donn\u00e9es.<\/p>\n\n\n\n<p>{acf_brand_name} conservera la preuve de ce consentement pendant la p\u00e9riode n\u00e9cessaire au traitement, g\u00e9n\u00e9ralement la dur\u00e9e de l&#039;\u00e9tude et des activit\u00e9s de contr\u00f4le de qualit\u00e9 associ\u00e9es.<\/p>\n\n\n\n<p>{acf_brand_name} s&#039;engage \u00e0 informer la personne r\u00e9pondant \u00e0 l&#039;\u00e9tude de l&#039;origine de ses donn\u00e9es si celles-ci proviennent d&#039;un sous-traitant ou d&#039;un client plut\u00f4t que d&#039;\u00eatre g\u00e9n\u00e9r\u00e9es directement par {acf_brand_name}. Le nouveau r\u00e8glement europ\u00e9en autorise {acf_brand_name} \u00e0 r\u00e9utiliser les donn\u00e9es clients \u00e0 des fins de recherche, les \u00e9tudes de march\u00e9 \u00e9tant consid\u00e9r\u00e9es comme de la recherche scientifique.<\/p>\n\n\n\n<h2 class=\"wp-block-heading\">2. Nature des Donn\u00e9es personnelles trait\u00e9es et dur\u00e9e de leur conservation<\/h2>\n\n\n\n<p>{acf_brand_name} s&#039;est engag\u00e9e \u00e0 ne pas conserver les donn\u00e9es personnelles plus longtemps que n\u00e9cessaire pour la finalit\u00e9 pour laquelle elles ont \u00e9t\u00e9 collect\u00e9es ou trait\u00e9es, conform\u00e9ment aux dispositions claires relatives aux dur\u00e9es de conservation.<\/p>\n\n\n\n<p>Pour toute question concernant le traitement de vos Donn\u00e9es personnelles, veuillez vous r\u00e9f\u00e9rer \u00e0 <a href=\"#yourrights\">la section \u00ab Vos droits \u00bb<\/a> ci-dessous.<\/p>\n\n\n\n<h2 class=\"wp-block-heading\">3. Limitation de la collecte et anonymisation des Donn\u00e9es personnelles<\/h2>\n\n\n\n<p>{acf_brand_name} s&#039;est engag\u00e9e \u00e0 r\u00e9duire l&#039;impact de la collecte de donn\u00e9es personnelles en limitant et en minimisant la collecte aux \u00e9l\u00e9ments n\u00e9cessaires aux fins de l&#039;\u00e9tude, et en veillant \u00e0 ce que ces donn\u00e9es ne soient pas utilis\u00e9es d&#039;une mani\u00e8re incompatible avec ces fins.<\/p>\n\n\n\n<p>{acf_brand_name} a \u00e9galement mis en place des proc\u00e9dures pour garantir que les participants \u00e0 ses \u00e9tudes ne subissent aucun pr\u00e9judice ou dommage en raison de leur collaboration \u00e0 l&#039;\u00e9tude, en utilisant des techniques d&#039;anonymisation et en limitant l&#039;acc\u00e8s aux donn\u00e9es personnelles aux \u00e9quipes de terrain et au personnel de l&#039;\u00e9tude en question.<\/p>\n\n\n\n<p>Enfin, {acf_brand_name} s\u2019engage \u00e0 pr\u00e9server l\u2019anonymat des personnes r\u00e9pondant \u00e0 ses \u00e9tudes vis-\u00e0-vis du client final en ne lui fournissant que des donn\u00e9es agr\u00e9g\u00e9es ou brutes non nominatives, sauf lorsque les personnes r\u00e9pondant aux \u00e9tudes donnent leur accord et leur consentement si les obligations de pharmacovigilance exigent que {acf_brand_name} communique leur identit\u00e9 au client, ou dans le cadre de d\u00e9clarations de transparence (par exemple, la loi Sunshine aux \u00c9tats-Unis).<\/p>\n\n\n\n<h2 class=\"wp-block-heading\">4. Partage des Donn\u00e9es personnelles<\/h2>\n\n\n\n<h3 class=\"wp-block-heading\">4.1 Prestataires de services externes<\/h3>\n\n\n\n<p>Outre le transfert de donn\u00e9es personnelles \u00e0 ses \u00e9quipes internes, filiales et \u00e9quipes informatiques, {acf_brand_name} peut faire appel \u00e0 un fournisseur ou un sous-traitant pour la r\u00e9alisation de certaines prestations li\u00e9es \u00e0 son activit\u00e9 et, par cons\u00e9quent, lui transf\u00e9rer des donn\u00e9es personnelles. {acf_brand_name} s\u00e9lectionne ses fournisseurs et s&#039;assure de leur capacit\u00e9 \u00e0 respecter les directives et r\u00e9glementations relatives \u00e0 la protection des donn\u00e9es personnelles. Les donn\u00e9es personnelles ne seront transf\u00e9r\u00e9es qu&#039;apr\u00e8s la signature d&#039;un engagement et d&#039;une convention entre le prestataire de services externe et {acf_brand_name}.<\/p>\n\n\n\n<h3 class=\"wp-block-heading\">4.2 Transferts internationaux<\/h3>\n\n\n\n<p>Les Donn\u00e9es personnelles soumises dans le cadre de nos \u00e9tudes se trouvent sur les serveurs de notre partenaire, situ\u00e9s dans un centre de donn\u00e9es en Allemagne.<\/p>\n\n\n\n<p>{acf_brand_name} est une organisation internationale. Vos donn\u00e9es personnelles peuvent \u00eatre transf\u00e9r\u00e9es \u00e0 une ou plusieurs soci\u00e9t\u00e9s affili\u00e9es \u00e0 {acf_brand_name} situ\u00e9es dans d&#039;autres pays et utilis\u00e9es aux fins d\u00e9crites pr\u00e9c\u00e9demment. Afin de faciliter nos op\u00e9rations internationales, nous pouvons \u00eatre amen\u00e9s \u00e0 transf\u00e9rer et \u00e0 acc\u00e9der \u00e0 des informations personnelles provenant du monde entier, y compris des \u00c9tats-Unis. La pr\u00e9sente politique de confidentialit\u00e9 s&#039;applique m\u00eame en cas de transfert de vos informations personnelles vers d&#039;autres pays.<\/p>\n\n\n\n<p>Les entit\u00e9s juridiques de {acf_brand_name} situ\u00e9es hors de l&#039;Union europ\u00e9enne ont conclu des accords de protection des donn\u00e9es intragroupes utilisant les clauses contractuelles types \u00e9labor\u00e9es par la Commission europ\u00e9enne. Ces accords imposent aux parties contractantes de respecter la confidentialit\u00e9 de vos donn\u00e9es personnelles et de traiter les donn\u00e9es personnelles europ\u00e9ennes conform\u00e9ment \u00e0 la l\u00e9gislation europ\u00e9enne applicable en mati\u00e8re de protection des donn\u00e9es. Les entit\u00e9s juridiques de {acf_brand_name} situ\u00e9es hors de l&#039;Union europ\u00e9enne sont les suivantes\u00a0:<\/p>\n\n\n\n<ul class=\"wp-block-list\">\n<li>{acf_brand_name} \u2013 The Foundry, 156 Blackfriars Road, Londres, SE1 8EN, Royaume-Uni<\/li>\n\n\n\n<li>Bell Falla \u2013 445 Park Avenue, 10022 New York, NY, \u00c9tats-Unis<\/li>\n<\/ul>\n\n\n\n<p>{acf_brand_name} ne transf\u00e8re aucune donn\u00e9e personnelle en dehors de l&#039;Espace \u00e9conomique europ\u00e9en (EEE) sauf si un accord de transfert pr\u00e9alable a \u00e9t\u00e9 \u00e9tabli avec l&#039;entit\u00e9 recevant les donn\u00e9es personnelles, et sauf si elle a re\u00e7u des garanties que cette entit\u00e9 a mis en \u0153uvre des mesures offrant le m\u00eame niveau de s\u00e9curit\u00e9 que celui requis par la r\u00e9glementation europ\u00e9enne.<\/p>\n\n\n\n<p>En tout \u00e9tat de cause, {acf_brand_name} ne transf\u00e8re de donn\u00e9es personnelles en dehors de l&#039;EEE qu&#039;apr\u00e8s avoir obtenu le consentement des personnes r\u00e9pondant aux \u00e9tudes.<\/p>\n\n\n\n<h3 class=\"wp-block-heading\">4.3 Organismes publics<\/h3>\n\n\n\n<p>{acf_brand_name} peut divulguer des donn\u00e9es personnelles aux organismes publics, aux tribunaux, aux organismes administratifs ou \u00e0 l&#039;autorit\u00e9 administrative responsable de la protection des donn\u00e9es personnelles si la loi l&#039;exige ou si elle re\u00e7oit une ordonnance l&#039;y obligeant.<\/p>\n\n\n\n<h2 class=\"wp-block-heading\">5. Traitement de donn\u00e9es sensibles<\/h2>\n\n\n\n<p>\u00c9tant donn\u00e9 que {acf_brand_name} traite exclusivement des donn\u00e9es de sant\u00e9, {acf_brand_name} s&#039;engage \u00e0 traiter ces donn\u00e9es sensibles conform\u00e9ment \u00e0 la r\u00e9glementation en vigueur. En particulier, {acf_brand_name} s&#039;engage \u00e0 examiner au cas par cas les demandes de participation \u00e0 des \u00e9tudes qui, de par leur nature, exposeraient les participants \u00e0 un risque \u00e9lev\u00e9.<\/p>\n\n\n\n<p>En \u00e9troite concertation avec le client et pr\u00e9alablement \u00e0 leur mise en \u0153uvre, ces \u00e9tudes feront l\u2019objet d\u2019une analyse d\u2019impact afin de d\u00e9terminer les enjeux des op\u00e9rations propos\u00e9es en mati\u00e8re de protection des Donn\u00e9es personnelles. Il a \u00e9t\u00e9 d\u00e9cid\u00e9 que toutes les \u00e9tudes non interventionnelles ou observationnelles feront l\u2019objet d\u2019une analyse d\u2019impact.<\/p>\n\n\n\n<p>L\u2019analyse contient au moins :<\/p>\n\n\n\n<ul class=\"wp-block-list\">\n<li>Une description syst\u00e9matique des op\u00e9rations de traitement envisag\u00e9es et des finalit\u00e9s du traitement ;<\/li>\n\n\n\n<li>Une \u00e9valuation de la n\u00e9cessit\u00e9 et de la proportionnalit\u00e9 des op\u00e9rations de traitement au regard des finalit\u00e9s ;<\/li>\n\n\n\n<li>Une \u00e9valuation des risques engendr\u00e9s par le traitement ;<\/li>\n\n\n\n<li>Les mesures envisag\u00e9es pour faire face aux risques.<\/li>\n<\/ul>\n\n\n\n<h2 class=\"wp-block-heading\">6. Donn\u00e9es \u00e0 caract\u00e8re personnel concernant les enfants<\/h2>\n\n\n\n<p>{acf_brand_name} ne collectera ni ne traitera de donn\u00e9es personnelles concernant les enfants de moins de 16 ans \u2013 ou de l\u2019\u00e2ge l\u00e9galement requis d\u00e9fini par la loi fran\u00e7aise ou par la loi applicable \u2013 sans l\u2019autorisation pr\u00e9alable du ou des parents ou du ou des tuteurs l\u00e9gaux.<\/p>\n\n\n\n<h2 class=\"wp-block-heading\" id=\"yourrights\">7. Vos droits<\/h2>\n\n\n\n<p>En vertu du droit applicable, vous avez les droits suivants :<\/p>\n\n\n\n<ul class=\"wp-block-list\">\n<li>Acc\u00e8s \u00e0 vos Donn\u00e9es personnelles : si vous en faites la demande par \u00e9crit, nous mettrons \u00e0 votre disposition, dans la mesure exig\u00e9e et\/ou permise par la loi, les Donn\u00e9es personnelles vous concernant qui font l\u2019objet d\u2019un traitement par APLUSA.<\/li>\n\n\n\n<li>Rectification de vos Donn\u00e9es personnelles : si vous estimez que vos Donn\u00e9es personnelles sont inexactes, vous pouvez en demander la rectification.<\/li>\n\n\n\n<li>Effacement de vos donn\u00e9es personnelles\u00a0: Si vous estimez que {acf_brand_name} n\u2019a plus besoin de traiter vos donn\u00e9es personnelles, vous pouvez demander leur effacement de nos bases de donn\u00e9es.<\/li>\n\n\n\n<li>Limitation du traitement de vos donn\u00e9es personnelles\u00a0: Si vous estimez que le traitement de vos donn\u00e9es personnelles est inexact ou ill\u00e9gal, vous pouvez en demander la limitation. {acf_brand_name} se contentera alors de conserver ces donn\u00e9es et ne les traitera plus d\u2019aucune autre mani\u00e8re sans votre consentement.<\/li>\n\n\n\n<li>Opposition au traitement de vos donn\u00e9es personnelles\u00a0: Si vous avez pr\u00e9c\u00e9demment consenti au traitement de vos donn\u00e9es personnelles par {acf_brand_name}, vous avez le droit de vous opposer \u00e0 ce traitement de vos donn\u00e9es pour des raisons tenant \u00e0 votre situation particuli\u00e8re et \u00e0 tout moment.<\/li>\n\n\n\n<li>D\u00e9cision concernant le traitement de vos donn\u00e9es personnelles apr\u00e8s votre d\u00e9c\u00e8s\u00a0: \u00c0 tout moment, vous ou une personne que vous avez d\u00e9sign\u00e9e pouvez informer {acf_brand_name} de votre d\u00e9cision concernant le traitement de vos donn\u00e9es personnelles apr\u00e8s votre d\u00e9c\u00e8s, qu\u2019il s\u2019agisse de l\u2019effacement, de la conservation ou de la communication de ces donn\u00e9es.<\/li>\n<\/ul>\n\n\n\n<p>Afin de pouvoir exercer l\u2019un de ces droits li\u00e9s aux informations personnelles que nous sommes susceptibles de d\u00e9tenir, nous vous prions de soumettre votre demande par \u00e9crit \u00e0 <a href=\"mailto:dpo@aplusaresearch.com\">dpo@aplusaresearch.com<\/a>. Lorsque nous recevons une demande d\u2019acc\u00e8s de la part d\u2019un particulier, nous nous effor\u00e7ons de fournir les informations demand\u00e9es dans un d\u00e9lai de trente (30) jours.<\/p>\n\n\n\n<p>Dans certaines circonstances, nous ne sommes toutefois pas en mesure de donner acc\u00e8s aux particuliers \u00e0 tout ou partie de leurs Donn\u00e9es personnelles. Lorsque nous opposons un refus \u00e0 la demande d\u2019une personne d\u2019acc\u00e9der \u00e0 ses donn\u00e9es, nous informons cette derni\u00e8re des motifs fondant notre refus.<\/p>\n\n\n\n<h2 class=\"wp-block-heading\">8. Une \u00e9quipe sp\u00e9cialis\u00e9e, une formation et des outils internes<\/h2>\n\n\n\n<h3 class=\"wp-block-heading\">8.1 Outils internes<\/h3>\n\n\n\n<p>Conform\u00e9ment aux exigences r\u00e9glementaires, {acf_brand_name} conserve une documentation interne sp\u00e9cifique\u00a0:<\/p>\n\n\n\n<ul class=\"wp-block-list\">\n<li>Documentation relative au traitement des Donn\u00e9es personnelles : le registre des activit\u00e9s de traitement, les \u00e9tudes d\u2019impact r\u00e9alis\u00e9es, la gestion des transferts hors EEE ou des clauses contractuelles ;<\/li>\n\n\n\n<li>Documentation relative \u00e0 l\u2019information communiqu\u00e9e aux personnes : les mentions d\u2019information donn\u00e9es \u00e0 la personne dont les donn\u00e9es sont collect\u00e9es, le formulaire destin\u00e9 \u00e0 recueillir le consentement des personnes, la proc\u00e9dure mise en place pour permettre aux personnes concern\u00e9es d\u2019exercer leurs droits, (droit d\u2019acc\u00e8s, droit de rectification etc.) ;<\/li>\n\n\n\n<li>Les contrats d\u00e9finissant les r\u00f4les et les responsabilit\u00e9s de chaque acteur : contrats avec des sous-traitants.<\/li>\n<\/ul>\n\n\n\n<h3 class=\"wp-block-heading\">8.2 Formation<\/h3>\n\n\n\n<p>{acf_brand_name} a lanc\u00e9 un programme de formation et de sensibilisation pour toutes ses \u00e9quipes sur le nouveau r\u00e8glement europ\u00e9en relatif \u00e0 la protection des donn\u00e9es personnelles.<\/p>\n\n\n\n<h3 class=\"wp-block-heading\">8.3 \u00c9quipe d\u00e9vou\u00e9e<\/h3>\n\n\n\n<p>{acf_brand_name} a mis en place une \u00e9quipe interne d\u00e9di\u00e9e \u00e0 la protection des donn\u00e9es personnelles, dirig\u00e9e par le d\u00e9l\u00e9gu\u00e9 \u00e0 la protection des donn\u00e9es, le responsable qualit\u00e9 et le responsable informatique.<\/p>\n\n\n\n<h2 class=\"wp-block-heading\">9. S\u00e9curit\u00e9<\/h2>\n\n\n\n<p>La s\u00e9curit\u00e9 de vos donn\u00e9es personnelles est primordiale pour nous. Nous avons mis en place des proc\u00e9dures physiques, \u00e9lectroniques et administratives raisonnables afin de prot\u00e9ger les informations collect\u00e9es par {acf_brand_name}. Seuls les employ\u00e9s qui en ont besoin pour exercer leurs fonctions ont acc\u00e8s \u00e0 vos donn\u00e9es personnelles.<\/p>\n\n\n\n<p>{acf_brand_name} a mis en \u0153uvre des protocoles de s\u00e9curit\u00e9 pour ma\u00eetriser les risques, conform\u00e9ment \u00e0 son protocole technique, notamment gr\u00e2ce \u00e0 l&#039;utilisation d&#039;un service de messagerie chiffr\u00e9e et s\u00e9curis\u00e9e pour l&#039;envoi et la r\u00e9ception de fichiers de donn\u00e9es personnelles. Ce protocole est conforme aux normes internationales reconnues et fait l&#039;objet d&#039;examens r\u00e9guliers et de mises \u00e0 jour si n\u00e9cessaire.<\/p>\n\n\n\n<h2 class=\"wp-block-heading\">10. Modifications apport\u00e9es \u00e0 la pr\u00e9sente Politique de confidentialit\u00e9<\/h2>\n\n\n\n<p>En fonction de l\u2019\u00e9volution du droit applicable, nous pouvons mettre \u00e0 jour \u00e0 tout moment nos pratiques en mati\u00e8re de confidentialit\u00e9 et la pr\u00e9sente Politique de confidentialit\u00e9. C\u2019est la raison pour laquelle nous vous encourageons \u00e0 vous reporter en permanence \u00e0 la pr\u00e9sente Politique de confidentialit\u00e9. Cette derni\u00e8re est en vigueur \u00e0 la date de la \u00ab derni\u00e8re r\u00e9vision \u00bb apparaissant en t\u00eate de la pr\u00e9sente page. Nous traitons vos Donn\u00e9es personnelles d\u2019une mani\u00e8re compatible avec la Politique de confidentialit\u00e9 conform\u00e9ment \u00e0 laquelle elles ont \u00e9t\u00e9 recueillies, \u00e0 moins que nous n\u2019ayons obtenu votre accord pour les traiter diff\u00e9remment. En utilisant le pr\u00e9sent site Internet post\u00e9rieurement \u00e0 toute modification apport\u00e9e \u00e0 la Politique de confidentialit\u00e9, vous nous accordez votre consentement libre et sp\u00e9cifique de collecter, d\u2019utiliser, de transf\u00e9rer et de divulguer vos Donn\u00e9es personnelles conform\u00e9ment \u00e0 la Politique de confidentialit\u00e9 qui sera alors en vigueur.<\/p>","protected":false},"excerpt":{"rendered":"<p>{acf_brand_name} Group commitments regarding protection of personal data through its surveys {acf_brand_name} respects the privacy of respondents to its researches. This privacy policy (&#8220;Privacy Policy&#8221;) explains how we collect, use, disclose and protect personal data (\u201cPersonal Data\u201d) submitted through our surveys. This Privacy Policy does not apply to the collection and use of personal data [&hellip;]<\/p>\n","protected":false},"author":4,"featured_media":0,"parent":0,"menu_order":0,"comment_status":"closed","ping_status":"closed","template":"","meta":{"_acf_changed":false,"_seopress_robots_primary_cat":"","_seopress_titles_title":"","_seopress_titles_desc":"Learn how %%sitetitle%% collects, uses, and protects personal data of research respondents and survey participants in line with privacy regulations.","_seopress_robots_index":"","content-type":"","footnotes":""},"class_list":["post-6303","page","type-page","status-publish"],"acf":[],"_links":{"self":[{"href":"https:\/\/www.aplusaresearch.com\/fr\/wp-json\/wp\/v2\/pages\/6303","targetHints":{"allow":["GET"]}}],"collection":[{"href":"https:\/\/www.aplusaresearch.com\/fr\/wp-json\/wp\/v2\/pages"}],"about":[{"href":"https:\/\/www.aplusaresearch.com\/fr\/wp-json\/wp\/v2\/types\/page"}],"author":[{"embeddable":true,"href":"https:\/\/www.aplusaresearch.com\/fr\/wp-json\/wp\/v2\/users\/4"}],"replies":[{"embeddable":true,"href":"https:\/\/www.aplusaresearch.com\/fr\/wp-json\/wp\/v2\/comments?post=6303"}],"version-history":[{"count":0,"href":"https:\/\/www.aplusaresearch.com\/fr\/wp-json\/wp\/v2\/pages\/6303\/revisions"}],"wp:attachment":[{"href":"https:\/\/www.aplusaresearch.com\/fr\/wp-json\/wp\/v2\/media?parent=6303"}],"curies":[{"name":"wp","href":"https:\/\/api.w.org\/{rel}","templated":true}]}}